{"id":9068,"date":"2019-08-27T15:39:43","date_gmt":"2019-08-27T13:39:43","guid":{"rendered":"http:\/\/wordpress.plasticard.de\/?page_id=9068"},"modified":"2024-05-14T11:47:23","modified_gmt":"2024-05-14T09:47:23","slug":"rfid-funktionsweise","status":"publish","type":"page","link":"https:\/\/www.plasticard.de\/en\/rfid-karten-und-transponder\/rfid-funktionsweise\/","title":{"rendered":"RFID Functionality"},"content":{"rendered":"<div data-elementor-type=\"wp-post\" data-elementor-id=\"9068\" class=\"elementor elementor-9068\" data-elementor-post-type=\"page\">\n\t\t\t\t\t\t<section class=\"elementor-section elementor-top-section elementor-element elementor-element-489a495 elementor-section-boxed elementor-section-height-default elementor-section-height-default\" data-id=\"489a495\" data-element_type=\"section\">\n\t\t\t\t\t\t<div class=\"elementor-container elementor-column-gap-default\">\n\t\t\t\t\t<div class=\"elementor-column elementor-col-50 elementor-top-column elementor-element elementor-element-e4d14ca\" data-id=\"e4d14ca\" data-element_type=\"column\">\n\t\t\t<div class=\"elementor-widget-wrap elementor-element-populated\">\n\t\t\t\t\t\t<div class=\"elementor-element elementor-element-4202bdf elementor-widget elementor-widget-heading\" data-id=\"4202bdf\" data-element_type=\"widget\" data-widget_type=\"heading.default\">\n\t\t\t\t<div class=\"elementor-widget-container\">\n\t\t\t\t\t<h2 class=\"elementor-heading-title elementor-size-default\">Functionality: Short Explanation<\/h2>\t\t\t\t<\/div>\n\t\t\t\t<\/div>\n\t\t\t\t<div class=\"elementor-element elementor-element-5c1d18d elementor-widget elementor-widget-text-editor\" data-id=\"5c1d18d\" data-element_type=\"widget\" data-widget_type=\"text-editor.default\">\n\t\t\t\t<div class=\"elementor-widget-container\">\n\t\t\t\t\t\t\t\t\t<p>RFID stands for\u00a0<b>R<\/b>adio <b>F<\/b>requency <b>ID<\/b>entification and funtions as follows:<br \/>The transponder (card, key fob, lable, or tag) is always <b>passive<\/b>, d.h. er hat keine eigene Stromversorgung, verf\u00fcgt aber \u00fcber eine innenliegende Antenne mit angebundenem Chip. Die notwendige Energie zum Senden oder Empfangen von Daten wird induktiv durch das Leseger\u00e4t (Reader) erzeugt. Die Antenne des passiven RFID-Transponders (Spule) empf\u00e4ngt die Energie des Leseger\u00e4tes \u00fcber das ausgestrahlte Magnetfeld. Durch induktive Kopplung wird im Transponder der ben\u00f6tigte Strom f\u00fcr die Aktivierung des Chips generiert. Die Versorgungsspannung erm\u00f6glicht diesem dann das Senden und Empfangen von Daten (z.B. der Seriennummer des Chips = UID).<\/p>\t\t\t\t\t\t\t\t<\/div>\n\t\t\t\t<\/div>\n\t\t\t\t<div class=\"elementor-element elementor-element-24822d0 elementor-widget elementor-widget-spacer\" data-id=\"24822d0\" data-element_type=\"widget\" data-widget_type=\"spacer.default\">\n\t\t\t\t<div class=\"elementor-widget-container\">\n\t\t\t\t\t\t\t<div class=\"elementor-spacer\">\n\t\t\t<div class=\"elementor-spacer-inner\"><\/div>\n\t\t<\/div>\n\t\t\t\t\t\t<\/div>\n\t\t\t\t<\/div>\n\t\t\t\t<div class=\"elementor-element elementor-element-ae1415d elementor-widget elementor-widget-heading\" data-id=\"ae1415d\" data-element_type=\"widget\" data-widget_type=\"heading.default\">\n\t\t\t\t<div class=\"elementor-widget-container\">\n\t\t\t\t\t<h2 class=\"elementor-heading-title elementor-size-default\">RFID for Newcomers<\/h2>\t\t\t\t<\/div>\n\t\t\t\t<\/div>\n\t\t\t\t<div class=\"elementor-element elementor-element-09819e8 elementor-widget elementor-widget-text-editor\" data-id=\"09819e8\" data-element_type=\"widget\" data-widget_type=\"text-editor.default\">\n\t\t\t\t<div class=\"elementor-widget-container\">\n\t\t\t\t\t\t\t\t\t<p>The advantage of RFID-cards lies within the practical wear-free use of the information and the very comfortable handling of the card as the power supply of the chip as well as the information itself is transmitted via electromagnetic fields. The chips require no energy source for themselves and are thus maintenance-free. The reading distance depends on the reader and RFID-chip and lies between 1 cm and 100 cm. Plasticard-ZFT produces RFID-cards for the frequency ranges 125 kHz (LF or NF9, 13,56 MHz (HF), or 968 MHz (UHF, see also wide range cards).<\/p>\t\t\t\t\t\t\t\t<\/div>\n\t\t\t\t<\/div>\n\t\t\t\t\t<\/div>\n\t\t<\/div>\n\t\t\t\t<div class=\"elementor-column elementor-col-50 elementor-top-column elementor-element elementor-element-06cc5ab\" data-id=\"06cc5ab\" data-element_type=\"column\">\n\t\t\t<div class=\"elementor-widget-wrap elementor-element-populated\">\n\t\t\t\t\t\t<div class=\"elementor-element elementor-element-3da3a54 elementor-widget elementor-widget-image\" data-id=\"3da3a54\" data-element_type=\"widget\" data-widget_type=\"image.default\">\n\t\t\t\t<div class=\"elementor-widget-container\">\n\t\t\t\t\t\t\t\t\t\t\t\t\t\t\t<img fetchpriority=\"high\" decoding=\"async\" width=\"1374\" height=\"1008\" src=\"https:\/\/www.plasticard.de\/wp-content\/uploads\/2020\/01\/RFID-Funktionsweise.jpg\" class=\"attachment-full size-full wp-image-11003\" alt=\"RFID Funktionsweise Leseger\u00e4t Energie\u00fcbertragung zum Transponder\" srcset=\"https:\/\/www.plasticard.de\/wp-content\/uploads\/2020\/01\/RFID-Funktionsweise.jpg 1374w, https:\/\/www.plasticard.de\/wp-content\/uploads\/2020\/01\/RFID-Funktionsweise-640x470.jpg 640w, https:\/\/www.plasticard.de\/wp-content\/uploads\/2020\/01\/RFID-Funktionsweise-1280x939.jpg 1280w\" sizes=\"(max-width: 1374px) 100vw, 1374px\" \/>\t\t\t\t\t\t\t\t\t\t\t\t\t\t\t<\/div>\n\t\t\t\t<\/div>\n\t\t\t\t\t<\/div>\n\t\t<\/div>\n\t\t\t\t\t<\/div>\n\t\t<\/section>\n\t\t\t\t<\/div>","protected":false},"excerpt":{"rendered":"<p>Funktionsweise kurz erkl\u00e4rt RFID steht f\u00fcr\u00a0Radio Frequency IDentification und funktioniert wie folgt:Der Transponder (Karte, Schl\u00fcsselah\u00e4nger, Label oder Tag) ist immer passiv, d.h. er hat keine eigene Stromversorgung, verf\u00fcgt aber \u00fcber eine innenliegende Antenne mit angebundenem Chip. Die notwendige Energie zum Senden oder Empfangen von Daten wird induktiv durch das Leseger\u00e4t (Reader) erzeugt. Die Antenne des&#8230;<\/p>","protected":false},"author":3,"featured_media":0,"parent":642,"menu_order":0,"comment_status":"closed","ping_status":"closed","template":"","meta":{"footnotes":""},"class_list":["post-9068","page","type-page","status-publish","hentry"],"_links":{"self":[{"href":"https:\/\/www.plasticard.de\/en\/wp-json\/wp\/v2\/pages\/9068","targetHints":{"allow":["GET"]}}],"collection":[{"href":"https:\/\/www.plasticard.de\/en\/wp-json\/wp\/v2\/pages"}],"about":[{"href":"https:\/\/www.plasticard.de\/en\/wp-json\/wp\/v2\/types\/page"}],"author":[{"embeddable":true,"href":"https:\/\/www.plasticard.de\/en\/wp-json\/wp\/v2\/users\/3"}],"replies":[{"embeddable":true,"href":"https:\/\/www.plasticard.de\/en\/wp-json\/wp\/v2\/comments?post=9068"}],"version-history":[{"count":6,"href":"https:\/\/www.plasticard.de\/en\/wp-json\/wp\/v2\/pages\/9068\/revisions"}],"predecessor-version":[{"id":14398,"href":"https:\/\/www.plasticard.de\/en\/wp-json\/wp\/v2\/pages\/9068\/revisions\/14398"}],"up":[{"embeddable":true,"href":"https:\/\/www.plasticard.de\/en\/wp-json\/wp\/v2\/pages\/642"}],"wp:attachment":[{"href":"https:\/\/www.plasticard.de\/en\/wp-json\/wp\/v2\/media?parent=9068"}],"curies":[{"name":"wp","href":"https:\/\/api.w.org\/{rel}","templated":true}]}}