{"id":6911,"date":"2019-05-23T09:40:19","date_gmt":"2019-05-23T07:40:19","guid":{"rendered":"http:\/\/.\/weitere-produkte\/kartenverpackung\/carrier\/"},"modified":"2024-04-25T16:00:31","modified_gmt":"2024-04-25T14:00:31","slug":"carrier-flyer","status":"publish","type":"page","link":"https:\/\/www.plasticard.de\/en\/drucker-und-zubehoer\/carrier-flyer\/","title":{"rendered":"Carrier &#038; Flyer"},"content":{"rendered":"<div data-elementor-type=\"wp-post\" data-elementor-id=\"6911\" class=\"elementor elementor-6911\" data-elementor-post-type=\"page\">\n\t\t\t\t\t\t<section class=\"elementor-section elementor-top-section elementor-element elementor-element-c6f11f1 elementor-section-boxed elementor-section-height-default elementor-section-height-default\" data-id=\"c6f11f1\" data-element_type=\"section\">\n\t\t\t\t\t\t<div class=\"elementor-container elementor-column-gap-default\">\n\t\t\t\t\t<div class=\"elementor-column elementor-col-50 elementor-top-column elementor-element elementor-element-883399a\" data-id=\"883399a\" data-element_type=\"column\">\n\t\t\t<div class=\"elementor-widget-wrap elementor-element-populated\">\n\t\t\t\t\t\t<div class=\"elementor-element elementor-element-bfc043e elementor-widget elementor-widget-heading\" data-id=\"bfc043e\" data-element_type=\"widget\" data-widget_type=\"heading.default\">\n\t\t\t\t<div class=\"elementor-widget-container\">\n\t\t\t\t\t<h2 class=\"elementor-heading-title elementor-size-default\">Packaging for POS-Systems<\/h2>\t\t\t\t<\/div>\n\t\t\t\t<\/div>\n\t\t\t\t<div class=\"elementor-element elementor-element-a580532 elementor-widget elementor-widget-text-editor\" data-id=\"a580532\" data-element_type=\"widget\" data-widget_type=\"text-editor.default\">\n\t\t\t\t<div class=\"elementor-widget-container\">\n\t\t\t\t\t\t\t\t\t<p class=\"p2\">Packaging for check-out areas and POS displays have a Euro slotted hole so that they can easily be mounted to an advertising display. POS card carriers, best suited to POS systems, are simple holders made from cardboard or strong film material onto which the card is attached, or into which it is integrated. The shape and size of the carrier is completely individual to the customer, ensuring that they fit into the intended POS display and plenty of space is left to accommodate the Euro slot. There are numerous finishing options, e.g. hot stamping, partial spot varnishing, or metallic inks available to draw the attention of the customer to your cards. Folded edges, cut-outs, perforations, and fold-out sides can be implemented as well. A card carrier offers you the opportunity to include numerous pieces of information and advertising with the card and to position this directly in the field of vision of the customer.<\/p>\t\t\t\t\t\t\t\t<\/div>\n\t\t\t\t<\/div>\n\t\t\t\t<div class=\"elementor-element elementor-element-d0979e8 elementor-widget elementor-widget-heading\" data-id=\"d0979e8\" data-element_type=\"widget\" data-widget_type=\"heading.default\">\n\t\t\t\t<div class=\"elementor-widget-container\">\n\t\t\t\t\t<h2 class=\"elementor-heading-title elementor-size-default\">Flyer and Card Carrier<\/h2>\t\t\t\t<\/div>\n\t\t\t\t<\/div>\n\t\t\t\t<div class=\"elementor-element elementor-element-b70dd2b elementor-widget elementor-widget-text-editor\" data-id=\"b70dd2b\" data-element_type=\"widget\" data-widget_type=\"text-editor.default\">\n\t\t\t\t<div class=\"elementor-widget-container\">\n\t\t\t\t\t\t\t\t\t<p class=\"p2\">Gerade im Bereich Loyalty-, Bonuskarten oder Geschenk- und Gutscheinkarten bietet es sich an, die Karte in einem Flyer oder auf einem Carrier zu pr\u00e4sentieren. Je nach gew\u00fcnschtem Format k\u00f6nnen Informationen zum Umgang mit der Karte bzw. dem Bonussystem oder beispielsweise Gl\u00fcckw\u00fcnsche des Schenkenden untergebracht werden. Flyer oder Carrier k\u00f6nnen, individuell bedruckt und mit optionalen Veredelungen versehen, zus\u00e4tzlich auf sich aufmerksam machen und so dem Gesch\u00e4ft auf die Spr\u00fcnge helfen. Die Karte an sich kann durch einen Klebepunkt oder durch Einstecken in eine eingestanzte Schlitzung befestigt werden.<\/p>\t\t\t\t\t\t\t\t<\/div>\n\t\t\t\t<\/div>\n\t\t\t\t<div class=\"elementor-element elementor-element-48cc7ca elementor-widget elementor-widget-spacer\" data-id=\"48cc7ca\" data-element_type=\"widget\" data-widget_type=\"spacer.default\">\n\t\t\t\t<div class=\"elementor-widget-container\">\n\t\t\t\t\t\t\t<div class=\"elementor-spacer\">\n\t\t\t<div class=\"elementor-spacer-inner\"><\/div>\n\t\t<\/div>\n\t\t\t\t\t\t<\/div>\n\t\t\t\t<\/div>\n\t\t\t\t<div class=\"elementor-element elementor-element-0b8b585 elementor-align-left elementor-widget elementor-widget-button\" data-id=\"0b8b585\" data-element_type=\"widget\" data-widget_type=\"button.default\">\n\t\t\t\t<div class=\"elementor-widget-container\">\n\t\t\t\t\t\t\t\t\t<div class=\"elementor-button-wrapper\">\n\t\t\t\t\t<a class=\"elementor-button elementor-button-link elementor-size-lg\" href=\"https:\/\/www.plasticard.de\/en\/anfrage\/\">\n\t\t\t\t\t\t<span class=\"elementor-button-content-wrapper\">\n\t\t\t\t\t\t<span class=\"elementor-button-icon\">\n\t\t\t\t<i aria-hidden=\"true\" class=\"far fa-comments\"><\/i>\t\t\t<\/span>\n\t\t\t\t\t\t\t\t\t<span class=\"elementor-button-text\">Anfrage senden<\/span>\n\t\t\t\t\t<\/span>\n\t\t\t\t\t<\/a>\n\t\t\t\t<\/div>\n\t\t\t\t\t\t\t\t<\/div>\n\t\t\t\t<\/div>\n\t\t\t\t\t<\/div>\n\t\t<\/div>\n\t\t\t\t<div class=\"elementor-column elementor-col-50 elementor-top-column elementor-element elementor-element-6c99d4e\" data-id=\"6c99d4e\" data-element_type=\"column\">\n\t\t\t<div class=\"elementor-widget-wrap elementor-element-populated\">\n\t\t\t\t\t\t<div class=\"elementor-element elementor-element-357d95f elementor-widget elementor-widget-image\" data-id=\"357d95f\" data-element_type=\"widget\" data-widget_type=\"image.default\">\n\t\t\t\t<div class=\"elementor-widget-container\">\n\t\t\t\t\t\t\t\t\t\t\t\t\t\t\t<img fetchpriority=\"high\" decoding=\"async\" width=\"2000\" height=\"2495\" src=\"https:\/\/www.plasticard.de\/wp-content\/uploads\/2020\/01\/carrier-e1582625337904.jpg\" class=\"attachment-full size-full wp-image-10981\" alt=\"Kartencarrier in DIN lang und A6 mit aufgespendeten Karten\" \/>\t\t\t\t\t\t\t\t\t\t\t\t\t\t\t<\/div>\n\t\t\t\t<\/div>\n\t\t\t\t\t<\/div>\n\t\t<\/div>\n\t\t\t\t\t<\/div>\n\t\t<\/section>\n\t\t\t\t<\/div>","protected":false},"excerpt":{"rendered":"<p>Verpackungen f\u00fcr POS-Systeme Verpackungen f\u00fcr Kassenbereiche und POS-Displays verf\u00fcgen \u00fcber eine Eurolochstanzung, sodass sie problemlos an einem Werbedisplay aufgehangen werden k\u00f6nnen. Besonders geeignet f\u00fcr POS-Systeme sind POS-Kartencarrier, einfache Halter aus Karton oder starkem Folienmaterial, auf denen die Karte aufgespendet oder direkt integriert ist. Form und Gr\u00f6\u00dfe der Carrier ist vollkommen kundenindividuell, sofern sie in das&#8230;<\/p>","protected":false},"author":1,"featured_media":0,"parent":6926,"menu_order":49,"comment_status":"closed","ping_status":"closed","template":"","meta":{"footnotes":""},"class_list":["post-6911","page","type-page","status-publish","hentry"],"_links":{"self":[{"href":"https:\/\/www.plasticard.de\/en\/wp-json\/wp\/v2\/pages\/6911","targetHints":{"allow":["GET"]}}],"collection":[{"href":"https:\/\/www.plasticard.de\/en\/wp-json\/wp\/v2\/pages"}],"about":[{"href":"https:\/\/www.plasticard.de\/en\/wp-json\/wp\/v2\/types\/page"}],"author":[{"embeddable":true,"href":"https:\/\/www.plasticard.de\/en\/wp-json\/wp\/v2\/users\/1"}],"replies":[{"embeddable":true,"href":"https:\/\/www.plasticard.de\/en\/wp-json\/wp\/v2\/comments?post=6911"}],"version-history":[{"count":6,"href":"https:\/\/www.plasticard.de\/en\/wp-json\/wp\/v2\/pages\/6911\/revisions"}],"predecessor-version":[{"id":14253,"href":"https:\/\/www.plasticard.de\/en\/wp-json\/wp\/v2\/pages\/6911\/revisions\/14253"}],"up":[{"embeddable":true,"href":"https:\/\/www.plasticard.de\/en\/wp-json\/wp\/v2\/pages\/6926"}],"wp:attachment":[{"href":"https:\/\/www.plasticard.de\/en\/wp-json\/wp\/v2\/media?parent=6911"}],"curies":[{"name":"wp","href":"https:\/\/api.w.org\/{rel}","templated":true}]}}