{"id":6867,"date":"2019-05-23T08:41:07","date_gmt":"2019-05-23T06:41:07","guid":{"rendered":"http:\/\/.\/loesungen\/forschungentwicklung\/neuetechnologien\/"},"modified":"2024-06-06T10:14:51","modified_gmt":"2024-06-06T08:14:51","slug":"design-layout","status":"publish","type":"page","link":"https:\/\/www.plasticard.de\/en\/kompetenzen\/design-layout\/","title":{"rendered":"Design &#038; Layout"},"content":{"rendered":"<div data-elementor-type=\"wp-post\" data-elementor-id=\"6867\" class=\"elementor elementor-6867\" data-elementor-post-type=\"page\">\n\t\t\t\t\t\t<section class=\"elementor-section elementor-top-section elementor-element elementor-element-52ffd86 elementor-section-boxed elementor-section-height-default elementor-section-height-default\" data-id=\"52ffd86\" data-element_type=\"section\">\n\t\t\t\t\t\t<div class=\"elementor-container elementor-column-gap-default\">\n\t\t\t\t\t<div class=\"elementor-column elementor-col-50 elementor-top-column elementor-element elementor-element-c44e208\" data-id=\"c44e208\" data-element_type=\"column\">\n\t\t\t<div class=\"elementor-widget-wrap elementor-element-populated\">\n\t\t\t\t\t\t<div class=\"elementor-element elementor-element-8886fcf elementor-widget elementor-widget-image\" data-id=\"8886fcf\" data-element_type=\"widget\" data-widget_type=\"image.default\">\n\t\t\t\t<div class=\"elementor-widget-container\">\n\t\t\t\t\t\t\t\t\t\t\t\t\t\t\t<img fetchpriority=\"high\" decoding=\"async\" width=\"2000\" height=\"1333\" src=\"https:\/\/www.plasticard.de\/wp-content\/uploads\/2019\/11\/AdobeStock_59764886-e1582626085237.jpeg\" class=\"attachment-full size-full wp-image-10455\" alt=\"Grafikerin mit Farbf\u00e4cher am PC\" \/>\t\t\t\t\t\t\t\t\t\t\t\t\t\t\t<\/div>\n\t\t\t\t<\/div>\n\t\t\t\t<div class=\"elementor-element elementor-element-7b38da9 elementor-widget elementor-widget-spacer\" data-id=\"7b38da9\" data-element_type=\"widget\" data-widget_type=\"spacer.default\">\n\t\t\t\t<div class=\"elementor-widget-container\">\n\t\t\t\t\t\t\t<div class=\"elementor-spacer\">\n\t\t\t<div class=\"elementor-spacer-inner\"><\/div>\n\t\t<\/div>\n\t\t\t\t\t\t<\/div>\n\t\t\t\t<\/div>\n\t\t\t\t<section class=\"elementor-section elementor-inner-section elementor-element elementor-element-bb39cd1 elementor-section-boxed elementor-section-height-default elementor-section-height-default\" data-id=\"bb39cd1\" data-element_type=\"section\">\n\t\t\t\t\t\t<div class=\"elementor-container elementor-column-gap-default\">\n\t\t\t\t\t<div class=\"elementor-column elementor-col-100 elementor-inner-column elementor-element elementor-element-683ee81\" data-id=\"683ee81\" data-element_type=\"column\" data-settings=\"{&quot;background_background&quot;:&quot;classic&quot;}\">\n\t\t\t<div class=\"elementor-widget-wrap elementor-element-populated\">\n\t\t\t\t\t\t<section class=\"elementor-section elementor-inner-section elementor-element elementor-element-24d767e elementor-section-boxed elementor-section-height-default elementor-section-height-default\" data-id=\"24d767e\" data-element_type=\"section\">\n\t\t\t\t\t\t<div class=\"elementor-container elementor-column-gap-default\">\n\t\t\t\t\t<div class=\"elementor-column elementor-col-50 elementor-inner-column elementor-element elementor-element-c1fd151\" data-id=\"c1fd151\" data-element_type=\"column\">\n\t\t\t<div class=\"elementor-widget-wrap elementor-element-populated\">\n\t\t\t\t\t\t<div class=\"elementor-element elementor-element-77d6212 elementor-view-default elementor-widget elementor-widget-icon\" data-id=\"77d6212\" data-element_type=\"widget\" data-widget_type=\"icon.default\">\n\t\t\t\t<div class=\"elementor-widget-container\">\n\t\t\t\t\t\t\t<div class=\"elementor-icon-wrapper\">\n\t\t\t<div class=\"elementor-icon\">\n\t\t\t<i aria-hidden=\"true\" class=\"fas fa-info-circle\"><\/i>\t\t\t<\/div>\n\t\t<\/div>\n\t\t\t\t\t\t<\/div>\n\t\t\t\t<\/div>\n\t\t\t\t\t<\/div>\n\t\t<\/div>\n\t\t\t\t<div class=\"elementor-column elementor-col-50 elementor-inner-column elementor-element elementor-element-3994fb1\" data-id=\"3994fb1\" data-element_type=\"column\">\n\t\t\t<div class=\"elementor-widget-wrap elementor-element-populated\">\n\t\t\t\t\t\t<div class=\"elementor-element elementor-element-6811924 elementor-widget elementor-widget-text-editor\" data-id=\"6811924\" data-element_type=\"widget\" data-widget_type=\"text-editor.default\">\n\t\t\t\t<div class=\"elementor-widget-container\">\n\t\t\t\t\t\t\t\t\t<p><b>Colour Management<br \/><\/b>We use a fully standardised ISO colour profile. If your data has its own profile, it will be maintained and implemented accordingly.<\/p>\t\t\t\t\t\t\t\t<\/div>\n\t\t\t\t<\/div>\n\t\t\t\t\t<\/div>\n\t\t<\/div>\n\t\t\t\t\t<\/div>\n\t\t<\/section>\n\t\t\t\t\t<\/div>\n\t\t<\/div>\n\t\t\t\t\t<\/div>\n\t\t<\/section>\n\t\t\t\t\t<\/div>\n\t\t<\/div>\n\t\t\t\t<div class=\"elementor-column elementor-col-50 elementor-top-column elementor-element elementor-element-a543c8e\" data-id=\"a543c8e\" data-element_type=\"column\">\n\t\t\t<div class=\"elementor-widget-wrap elementor-element-populated\">\n\t\t\t\t\t\t<div class=\"elementor-element elementor-element-ba7920c elementor-widget elementor-widget-heading\" data-id=\"ba7920c\" data-element_type=\"widget\" data-widget_type=\"heading.default\">\n\t\t\t\t<div class=\"elementor-widget-container\">\n\t\t\t\t\t<h2 class=\"elementor-heading-title elementor-size-default\">Services of Our Pre-Print Stage<\/h2>\t\t\t\t<\/div>\n\t\t\t\t<\/div>\n\t\t\t\t<div class=\"elementor-element elementor-element-14bf044 elementor-widget elementor-widget-text-editor\" data-id=\"14bf044\" data-element_type=\"widget\" data-widget_type=\"text-editor.default\">\n\t\t\t\t<div class=\"elementor-widget-container\">\n\t\t\t\t\t\t\t\t\t<p class=\"p2\"><strong>Creating Your Design<br><\/strong>Plasticard-ZFT besch\u00e4ftigt ein Team qualifizierter Profi-Designer und \u00fcbernimmt auf Wunsch gern die Gestaltung Ihrer Karte und zugeh\u00f6rigen Druckprodukte wie Flyer, Carrier oder Kartenh\u00fcllen. Auch die Erstellung kundenindividueller Hologramme, Holografik oder anderer Pr\u00e4gungen geh\u00f6ren zum Leistungsspektrum.<\/p>\n<p class=\"p2\"><strong>Checking and Processing Your Printing Data<br><\/strong>Egal mit welchem Datenformat Sie arbeiten &#8211; unsere Druckvorstufe kann Ihre Layoutdaten weiterverarbeiten. Vor der Produktion werden alle Daten durch unser Team auf technische Machbarkeit, optische G\u00fcte und Farbtreue gepr\u00fcft und bei Bedarf in Absprache mit Ihnen angepasst.<\/p>\n<p class=\"p2\"><strong>Saving of data for subsequent orders<br><\/strong>Einmal bestellte Layoutdaten werden bei Plasticard-ZFT sicher abgespeichert, sodass Sie jederzeit schnell und einfach nachbestellen k\u00f6nnen.<\/p>\n<p class=\"p3\"><strong><span class=\"s1\">Restoration of Printing ata on the Basis of Sample Cards<br><\/span><\/strong>You want to reorder, but you no longer have the printing documentation? Plasticard-ZFT takes on the task of re-digitalisation of plastic cards on the basis of existing samples. We will reproduce your template and match the appearance and the colours exactly with the original card.<\/p>\n<p class=\"p2\"><strong>Determination &amp; Adaptation of Printing Colours<br><\/strong>Plasticard-ZFT prints according to your colour specifications. Supplied templates or objects can also be determined colorimetrically and implemented on a plastic card.<\/p>\t\t\t\t\t\t\t\t<\/div>\n\t\t\t\t<\/div>\n\t\t\t\t\t<\/div>\n\t\t<\/div>\n\t\t\t\t\t<\/div>\n\t\t<\/section>\n\t\t\t\t<section class=\"elementor-section elementor-top-section elementor-element elementor-element-751b971 elementor-section-boxed elementor-section-height-default elementor-section-height-default\" data-id=\"751b971\" data-element_type=\"section\">\n\t\t\t\t\t\t<div class=\"elementor-container elementor-column-gap-default\">\n\t\t\t\t\t<div class=\"elementor-column elementor-col-100 elementor-top-column elementor-element elementor-element-784f6f9\" data-id=\"784f6f9\" data-element_type=\"column\">\n\t\t\t<div class=\"elementor-widget-wrap elementor-element-populated\">\n\t\t\t\t\t\t<div class=\"elementor-element elementor-element-da365ba elementor-widget elementor-widget-spacer\" data-id=\"da365ba\" data-element_type=\"widget\" data-widget_type=\"spacer.default\">\n\t\t\t\t<div class=\"elementor-widget-container\">\n\t\t\t\t\t\t\t<div class=\"elementor-spacer\">\n\t\t\t<div class=\"elementor-spacer-inner\"><\/div>\n\t\t<\/div>\n\t\t\t\t\t\t<\/div>\n\t\t\t\t<\/div>\n\t\t\t\t<div class=\"elementor-element elementor-element-23a187d elementor-widget-divider--view-line elementor-widget elementor-widget-divider\" data-id=\"23a187d\" data-element_type=\"widget\" data-widget_type=\"divider.default\">\n\t\t\t\t<div class=\"elementor-widget-container\">\n\t\t\t\t\t\t\t<div class=\"elementor-divider\">\n\t\t\t<span class=\"elementor-divider-separator\">\n\t\t\t\t\t\t<\/span>\n\t\t<\/div>\n\t\t\t\t\t\t<\/div>\n\t\t\t\t<\/div>\n\t\t\t\t<div class=\"elementor-element elementor-element-91d53eb elementor-widget elementor-widget-heading\" data-id=\"91d53eb\" data-element_type=\"widget\" data-widget_type=\"heading.default\">\n\t\t\t\t<div class=\"elementor-widget-container\">\n\t\t\t\t\t<h2 class=\"elementor-heading-title elementor-size-default\">Print Approval - Flexible processes for every customer's desire<\/h2>\t\t\t\t<\/div>\n\t\t\t\t<\/div>\n\t\t\t\t\t<\/div>\n\t\t<\/div>\n\t\t\t\t\t<\/div>\n\t\t<\/section>\n\t\t\t\t<section class=\"elementor-section elementor-top-section elementor-element elementor-element-9fa0f93 elementor-section-boxed elementor-section-height-default elementor-section-height-default\" data-id=\"9fa0f93\" data-element_type=\"section\">\n\t\t\t\t\t\t<div class=\"elementor-container elementor-column-gap-default\">\n\t\t\t\t\t<div class=\"elementor-column elementor-col-50 elementor-top-column elementor-element elementor-element-8fc1d77\" data-id=\"8fc1d77\" data-element_type=\"column\">\n\t\t\t<div class=\"elementor-widget-wrap elementor-element-populated\">\n\t\t\t\t\t\t<div class=\"elementor-element elementor-element-ecc9645 elementor-widget elementor-widget-text-editor\" data-id=\"ecc9645\" data-element_type=\"widget\" data-widget_type=\"text-editor.default\">\n\t\t\t\t<div class=\"elementor-widget-container\">\n\t\t\t\t\t\t\t\t\t<p class=\"p2\"><strong>Approval on the Basis of a Proof Sheet<br \/><\/strong>Before production starts, we produce a proof sheet (\u201cGood to print\u201d) and make it available as a PDF. Only after the approval of this document, we begin with the production of your order.<\/p><p class=\"p2\"><strong>Online-Approval<\/strong><br \/>You can upload your print data via our web shop and will immediately receive an evaluation regarding the print-capabilities along with a PDF view of the product. The approval is carried\nout directly online in the order process.<\/p><p class=\"p2\"><strong>Approval with Sample Card<br \/><\/strong>For digital printing jobs (OSP), you will receive a printed sample within 24 hours for approval (a functional sample is also available, on request). The layout and processing correspond 100% to\nthe subsequent run.<\/p><p class=\"p2\"><strong>Proof for Colour Check<br \/><\/strong>For offset printing in CMYK, we will provide you, on request, with a digital proof that can be used to check the accuracy of the colours. This colour-binding proof is a more cost-efficient alternative to a test print.<\/p>\t\t\t\t\t\t\t\t<\/div>\n\t\t\t\t<\/div>\n\t\t\t\t\t<\/div>\n\t\t<\/div>\n\t\t\t\t<div class=\"elementor-column elementor-col-50 elementor-top-column elementor-element elementor-element-8affe24\" data-id=\"8affe24\" data-element_type=\"column\">\n\t\t\t<div class=\"elementor-widget-wrap elementor-element-populated\">\n\t\t\t\t\t\t<div class=\"elementor-element elementor-element-7ecff9b elementor-widget elementor-widget-text-editor\" data-id=\"7ecff9b\" data-element_type=\"widget\" data-widget_type=\"text-editor.default\">\n\t\t\t\t<div class=\"elementor-widget-container\">\n\t\t\t\t\t\t\t\t\t<p class=\"p2\"><strong>Approval by Test Print<br \/><\/strong>With cost-intensive orders, we recommend ordering a test print.<\/p><p class=\"p2\"><strong>Print Approval at the Printing Machine<br \/><\/strong>Particularly difficult colour mixtures must, under certain circumstances, be evaluated and corrected directly at the machine. If necessary, you can arrange an appointment for on-site viewing with subsequent approval.<\/p><p class=\"p2\"><strong>Ordering without Approval<br \/><\/strong>For repeated orders, we will create a technical drawing in our item directory. You will be able to order on the basis of an item number and we will be able to produce on the basis of the stored drawing without needing to obtain a renewed approval.<\/p><p class=\"p2\"><strong>Proof Sheets for Resellers<br \/><\/strong>Plasticard-ZFT provides resellers with proof sheets in a neutral design. For regular customers, we are happy to provide you with\nproofs in your company design so that you are able to quickly and simply send these on to your customers.<\/p>\t\t\t\t\t\t\t\t<\/div>\n\t\t\t\t<\/div>\n\t\t\t\t\t<\/div>\n\t\t<\/div>\n\t\t\t\t\t<\/div>\n\t\t<\/section>\n\t\t\t\t<section class=\"elementor-section elementor-top-section elementor-element elementor-element-9c5ae6f elementor-section-boxed elementor-section-height-default elementor-section-height-default\" data-id=\"9c5ae6f\" data-element_type=\"section\">\n\t\t\t\t\t\t<div class=\"elementor-container elementor-column-gap-default\">\n\t\t\t\t\t<div class=\"elementor-column elementor-col-100 elementor-top-column elementor-element elementor-element-ed4b439\" data-id=\"ed4b439\" data-element_type=\"column\">\n\t\t\t<div class=\"elementor-widget-wrap elementor-element-populated\">\n\t\t\t\t\t\t<div class=\"elementor-element elementor-element-31afc68 elementor-widget elementor-widget-spacer\" data-id=\"31afc68\" data-element_type=\"widget\" data-widget_type=\"spacer.default\">\n\t\t\t\t<div class=\"elementor-widget-container\">\n\t\t\t\t\t\t\t<div class=\"elementor-spacer\">\n\t\t\t<div class=\"elementor-spacer-inner\"><\/div>\n\t\t<\/div>\n\t\t\t\t\t\t<\/div>\n\t\t\t\t<\/div>\n\t\t\t\t\t<\/div>\n\t\t<\/div>\n\t\t\t\t\t<\/div>\n\t\t<\/section>\n\t\t\t\t<section class=\"elementor-section elementor-top-section elementor-element elementor-element-fdff69e elementor-section-boxed elementor-section-height-default elementor-section-height-default\" data-id=\"fdff69e\" data-element_type=\"section\">\n\t\t\t\t\t\t<div class=\"elementor-container elementor-column-gap-default\">\n\t\t\t\t\t<div class=\"elementor-column elementor-col-100 elementor-top-column elementor-element elementor-element-e2e90c4\" data-id=\"e2e90c4\" data-element_type=\"column\">\n\t\t\t<div class=\"elementor-widget-wrap elementor-element-populated\">\n\t\t\t\t\t\t<div class=\"elementor-element elementor-element-1eab220 elementor-widget elementor-widget-text-editor\" data-id=\"1eab220\" data-element_type=\"widget\" data-widget_type=\"text-editor.default\">\n\t\t\t\t<div class=\"elementor-widget-container\">\n\t\t\t\t\t\t\t\t\t<p><span style=\"color: #999999;\">picture credits<\/span><\/p>\t\t\t\t\t\t\t\t<\/div>\n\t\t\t\t<\/div>\n\t\t\t\t\t<\/div>\n\t\t<\/div>\n\t\t\t\t\t<\/div>\n\t\t<\/section>\n\t\t\t\t<section class=\"elementor-section elementor-top-section elementor-element elementor-element-a97b68f elementor-section-boxed elementor-section-height-default elementor-section-height-default\" data-id=\"a97b68f\" data-element_type=\"section\">\n\t\t\t\t\t\t<div class=\"elementor-container elementor-column-gap-default\">\n\t\t\t\t\t<div class=\"elementor-column elementor-col-33 elementor-top-column elementor-element elementor-element-0abe5ed\" data-id=\"0abe5ed\" data-element_type=\"column\">\n\t\t\t<div class=\"elementor-widget-wrap elementor-element-populated\">\n\t\t\t\t\t\t<div class=\"elementor-element elementor-element-39c2393 elementor-widget elementor-widget-text-editor\" data-id=\"39c2393\" data-element_type=\"widget\" data-widget_type=\"text-editor.default\">\n\t\t\t\t<div class=\"elementor-widget-container\">\n\t\t\t\t\t\t\t\t\t<p><em><span style=\"color: #999999;\">\u00a9\u00a0<\/span><\/em><i><span style=\"color: #999999;\">WavebreakMediaMicro\u00a0<\/span><\/i><em><span style=\"color: #999999;\">\u2013 stock.adobe.com<\/span><\/em><\/p>\t\t\t\t\t\t\t\t<\/div>\n\t\t\t\t<\/div>\n\t\t\t\t\t<\/div>\n\t\t<\/div>\n\t\t\t\t<div class=\"elementor-column elementor-col-33 elementor-top-column elementor-element elementor-element-e50951a\" data-id=\"e50951a\" data-element_type=\"column\">\n\t\t\t<div class=\"elementor-widget-wrap elementor-element-populated\">\n\t\t\t\t\t\t\t<\/div>\n\t\t<\/div>\n\t\t\t\t<div class=\"elementor-column elementor-col-33 elementor-top-column elementor-element elementor-element-8ad09b9\" data-id=\"8ad09b9\" data-element_type=\"column\">\n\t\t\t<div class=\"elementor-widget-wrap elementor-element-populated\">\n\t\t\t\t\t\t\t<\/div>\n\t\t<\/div>\n\t\t\t\t\t<\/div>\n\t\t<\/section>\n\t\t\t\t<\/div>","protected":false},"excerpt":{"rendered":"<p>FarbmanagementWir verwenden ein durchg\u00e4ngig standardisiertes ISO-Farbprofil. Bringen Ihre Daten ein eigenes Profil mit, bleibt dieses erhalten und wird entsprechend umgesetzt. Dienstleistungen unserer Druckvorstufe Erstellung Ihres DesignsPlasticard-ZFT besch\u00e4ftigt ein Team qualifizierter Profi-Designer und \u00fcbernimmt auf Wunsch gern die Gestaltung Ihrer Karte und zugeh\u00f6rigen Druckprodukte wie Flyer, Carrier oder Kartenh\u00fcllen. Auch die Erstellung kundenindividueller Hologramme, Holografik oder&#8230;<\/p>","protected":false},"author":1,"featured_media":0,"parent":661,"menu_order":42,"comment_status":"closed","ping_status":"closed","template":"","meta":{"footnotes":""},"class_list":["post-6867","page","type-page","status-publish","hentry"],"_links":{"self":[{"href":"https:\/\/www.plasticard.de\/en\/wp-json\/wp\/v2\/pages\/6867","targetHints":{"allow":["GET"]}}],"collection":[{"href":"https:\/\/www.plasticard.de\/en\/wp-json\/wp\/v2\/pages"}],"about":[{"href":"https:\/\/www.plasticard.de\/en\/wp-json\/wp\/v2\/types\/page"}],"author":[{"embeddable":true,"href":"https:\/\/www.plasticard.de\/en\/wp-json\/wp\/v2\/users\/1"}],"replies":[{"embeddable":true,"href":"https:\/\/www.plasticard.de\/en\/wp-json\/wp\/v2\/comments?post=6867"}],"version-history":[{"count":3,"href":"https:\/\/www.plasticard.de\/en\/wp-json\/wp\/v2\/pages\/6867\/revisions"}],"predecessor-version":[{"id":14628,"href":"https:\/\/www.plasticard.de\/en\/wp-json\/wp\/v2\/pages\/6867\/revisions\/14628"}],"up":[{"embeddable":true,"href":"https:\/\/www.plasticard.de\/en\/wp-json\/wp\/v2\/pages\/661"}],"wp:attachment":[{"href":"https:\/\/www.plasticard.de\/en\/wp-json\/wp\/v2\/media?parent=6867"}],"curies":[{"name":"wp","href":"https:\/\/api.w.org\/{rel}","templated":true}]}}